{"id":7,"date":"2016-01-07T23:04:46","date_gmt":"2016-01-07T23:04:46","guid":{"rendered":"http:\/\/www.rumoasantiago.com\/levante\/?page_id=7"},"modified":"2016-01-07T23:04:46","modified_gmt":"2016-01-07T23:04:46","slug":"contacte-nos","status":"publish","type":"page","link":"https:\/\/www.rumoasantiago.com\/levante\/contacte-nos\/","title":{"rendered":"Contacte-nos"},"content":{"rendered":"<p>Tem alguma d\u00favida? N\u00e3o hesite em contactar-nos, usando este formul\u00e1rio para esse efeito.<\/p>\n<div class=\"al2fb_like_button\"><div id=\"fb-root\"><\/div><script type=\"text\/javascript\">\n(function(d, s, id) {\n  var js, fjs = d.getElementsByTagName(s)[0];\n  if (d.getElementById(id)) return;\n  js = d.createElement(s); js.id = id;\n  js.src = \"\/\/connect.facebook.net\/pt_PT\/all.js#xfbml=1&appId=118672068213591\";\n  fjs.parentNode.insertBefore(js, fjs);\n}(document, \"script\", \"facebook-jssdk\"));\n<\/script>\n<fb:like href=\"https:\/\/www.rumoasantiago.com\/levante\/contacte-nos\/\" layout=\"button_count\" show_faces=\"true\" share=\"true\" width=\"450\" action=\"like\" font=\"arial\" colorscheme=\"light\" ref=\"AL2FB\"><\/fb:like><\/div>","protected":false},"excerpt":{"rendered":"<p>Tem alguma d\u00favida? N\u00e3o hesite em contactar-nos, usando este formul\u00e1rio para esse efeito.<\/p>\n","protected":false},"author":1,"featured_media":0,"parent":0,"menu_order":0,"comment_status":"closed","ping_status":"closed","template":"page-contact.php","meta":[],"yoast_head":"<!-- This site is optimized with the Yoast SEO plugin v20.10 - https:\/\/yoast.com\/wordpress\/plugins\/seo\/ -->\n<title>Contacte-nos - Caminho do Levante<\/title>\n<meta name=\"robots\" content=\"index, follow, max-snippet:-1, max-image-preview:large, max-video-preview:-1\" \/>\n<link rel=\"canonical\" href=\"https:\/\/www.rumoasantiago.com\/levante\/contacte-nos\/\" \/>\n<meta property=\"og:locale\" content=\"pt_PT\" \/>\n<meta property=\"og:type\" content=\"article\" \/>\n<meta property=\"og:title\" content=\"Contacte-nos - Caminho do Levante\" \/>\n<meta property=\"og:description\" content=\"Tem alguma d\u00favida? N\u00e3o hesite em contactar-nos, usando este formul\u00e1rio para esse efeito.\" \/>\n<meta property=\"og:url\" content=\"https:\/\/www.rumoasantiago.com\/levante\/contacte-nos\/\" \/>\n<meta property=\"og:site_name\" content=\"Caminho do Levante\" \/>\n<meta name=\"twitter:card\" content=\"summary_large_image\" \/>\n<script type=\"application\/ld+json\" class=\"yoast-schema-graph\">{\"@context\":\"https:\/\/schema.org\",\"@graph\":[{\"@type\":\"WebPage\",\"@id\":\"https:\/\/www.rumoasantiago.com\/levante\/contacte-nos\/\",\"url\":\"https:\/\/www.rumoasantiago.com\/levante\/contacte-nos\/\",\"name\":\"Contacte-nos - Caminho do Levante\",\"isPartOf\":{\"@id\":\"http:\/\/www.rumoasantiago.com\/levante\/#website\"},\"datePublished\":\"2016-01-07T23:04:46+00:00\",\"dateModified\":\"2016-01-07T23:04:46+00:00\",\"breadcrumb\":{\"@id\":\"https:\/\/www.rumoasantiago.com\/levante\/contacte-nos\/#breadcrumb\"},\"inLanguage\":\"pt-PT\",\"potentialAction\":[{\"@type\":\"ReadAction\",\"target\":[\"https:\/\/www.rumoasantiago.com\/levante\/contacte-nos\/\"]}]},{\"@type\":\"BreadcrumbList\",\"@id\":\"https:\/\/www.rumoasantiago.com\/levante\/contacte-nos\/#breadcrumb\",\"itemListElement\":[{\"@type\":\"ListItem\",\"position\":1,\"name\":\"Home\",\"item\":\"http:\/\/www.rumoasantiago.com\/levante\/\"},{\"@type\":\"ListItem\",\"position\":2,\"name\":\"Contacte-nos\"}]},{\"@type\":\"WebSite\",\"@id\":\"http:\/\/www.rumoasantiago.com\/levante\/#website\",\"url\":\"http:\/\/www.rumoasantiago.com\/levante\/\",\"name\":\"Caminho do Levante\",\"description\":\"Travessia do Caminho do Levante\",\"potentialAction\":[{\"@type\":\"SearchAction\",\"target\":{\"@type\":\"EntryPoint\",\"urlTemplate\":\"http:\/\/www.rumoasantiago.com\/levante\/?s={search_term_string}\"},\"query-input\":\"required name=search_term_string\"}],\"inLanguage\":\"pt-PT\"}]}<\/script>\n<!-- \/ Yoast SEO plugin. -->","yoast_head_json":{"title":"Contacte-nos - Caminho do Levante","robots":{"index":"index","follow":"follow","max-snippet":"max-snippet:-1","max-image-preview":"max-image-preview:large","max-video-preview":"max-video-preview:-1"},"canonical":"https:\/\/www.rumoasantiago.com\/levante\/contacte-nos\/","og_locale":"pt_PT","og_type":"article","og_title":"Contacte-nos - Caminho do Levante","og_description":"Tem alguma d\u00favida? N\u00e3o hesite em contactar-nos, usando este formul\u00e1rio para esse efeito.","og_url":"https:\/\/www.rumoasantiago.com\/levante\/contacte-nos\/","og_site_name":"Caminho do Levante","twitter_card":"summary_large_image","schema":{"@context":"https:\/\/schema.org","@graph":[{"@type":"WebPage","@id":"https:\/\/www.rumoasantiago.com\/levante\/contacte-nos\/","url":"https:\/\/www.rumoasantiago.com\/levante\/contacte-nos\/","name":"Contacte-nos - Caminho do Levante","isPartOf":{"@id":"http:\/\/www.rumoasantiago.com\/levante\/#website"},"datePublished":"2016-01-07T23:04:46+00:00","dateModified":"2016-01-07T23:04:46+00:00","breadcrumb":{"@id":"https:\/\/www.rumoasantiago.com\/levante\/contacte-nos\/#breadcrumb"},"inLanguage":"pt-PT","potentialAction":[{"@type":"ReadAction","target":["https:\/\/www.rumoasantiago.com\/levante\/contacte-nos\/"]}]},{"@type":"BreadcrumbList","@id":"https:\/\/www.rumoasantiago.com\/levante\/contacte-nos\/#breadcrumb","itemListElement":[{"@type":"ListItem","position":1,"name":"Home","item":"http:\/\/www.rumoasantiago.com\/levante\/"},{"@type":"ListItem","position":2,"name":"Contacte-nos"}]},{"@type":"WebSite","@id":"http:\/\/www.rumoasantiago.com\/levante\/#website","url":"http:\/\/www.rumoasantiago.com\/levante\/","name":"Caminho do Levante","description":"Travessia do Caminho do Levante","potentialAction":[{"@type":"SearchAction","target":{"@type":"EntryPoint","urlTemplate":"http:\/\/www.rumoasantiago.com\/levante\/?s={search_term_string}"},"query-input":"required name=search_term_string"}],"inLanguage":"pt-PT"}]}},"publishpress_future_action":{"enabled":false,"date":"0","action":"","terms":[],"taxonomy":""},"_links":{"self":[{"href":"https:\/\/www.rumoasantiago.com\/levante\/wp-json\/wp\/v2\/pages\/7"}],"collection":[{"href":"https:\/\/www.rumoasantiago.com\/levante\/wp-json\/wp\/v2\/pages"}],"about":[{"href":"https:\/\/www.rumoasantiago.com\/levante\/wp-json\/wp\/v2\/types\/page"}],"author":[{"embeddable":true,"href":"https:\/\/www.rumoasantiago.com\/levante\/wp-json\/wp\/v2\/users\/1"}],"replies":[{"embeddable":true,"href":"https:\/\/www.rumoasantiago.com\/levante\/wp-json\/wp\/v2\/comments?post=7"}],"version-history":[{"count":1,"href":"https:\/\/www.rumoasantiago.com\/levante\/wp-json\/wp\/v2\/pages\/7\/revisions"}],"predecessor-version":[{"id":8,"href":"https:\/\/www.rumoasantiago.com\/levante\/wp-json\/wp\/v2\/pages\/7\/revisions\/8"}],"wp:attachment":[{"href":"https:\/\/www.rumoasantiago.com\/levante\/wp-json\/wp\/v2\/media?parent=7"}],"curies":[{"name":"wp","href":"https:\/\/api.w.org\/{rel}","templated":true}]}}